{"id":2,"date":"2025-10-24T16:31:29","date_gmt":"2025-10-24T16:31:29","guid":{"rendered":"http:\/\/hamburgueseria37.com\/new\/?page_id=2"},"modified":"2025-10-31T12:36:34","modified_gmt":"2025-10-31T12:36:34","slug":"nosotros","status":"publish","type":"page","link":"https:\/\/hamburgueseria37.com\/?page_id=2","title":{"rendered":"Desc\u00fabrenos"},"content":{"rendered":"\n<blockquote class=\"wp-block-quote is-layout-flow wp-block-quote-is-layout-flow\">\n<blockquote class=\"wp-block-quote is-layout-flow wp-block-quote-is-layout-flow\">\n<p><strong>Nuestra Historia<br><\/strong><\/p>\n<\/blockquote>\n<\/blockquote>\n\n\n<div class=\"wp-block-image\">\n<figure class=\"alignleft size-full is-resized\"><img loading=\"lazy\" decoding=\"async\" width=\"550\" height=\"300\" src=\"http:\/\/hamburgueseria37.com\/wp-content\/uploads\/2025\/10\/history4.jpg\" alt=\"\" class=\"wp-image-205\" style=\"width:472px;height:auto\" srcset=\"https:\/\/hamburgueseria37.com\/wp-content\/uploads\/2025\/10\/history4.jpg 550w, https:\/\/hamburgueseria37.com\/wp-content\/uploads\/2025\/10\/history4-300x164.jpg 300w\" sizes=\"auto, (max-width: 550px) 100vw, 550px\" \/><\/figure>\n<\/div>\n\n\n<p class=\"has-text-align-left\">En 1968 se inici\u00f3 un peque\u00f1o negocio familiar el cual empez\u00f3 siendo una bodega, pasado unos a\u00f1os se convirti\u00f3 es un bar de tapas teniendo un \u00e9xito bastante aceptable.<\/p>\n\n\n\n<p><\/p>\n\n\n\n<p><\/p>\n\n\n\n<p><\/p>\n\n\n\n<figure class=\"wp-block-gallery has-nested-images columns-default is-cropped wp-block-gallery-1 is-layout-flex wp-block-gallery-is-layout-flex\">\n<figure class=\"wp-block-image size-large\"><img loading=\"lazy\" decoding=\"async\" width=\"367\" height=\"200\" data-id=\"224\" src=\"https:\/\/hamburgueseria37.com\/wp-content\/uploads\/2025\/10\/history5-edited.jpg\" alt=\"\" class=\"wp-image-224\" srcset=\"https:\/\/hamburgueseria37.com\/wp-content\/uploads\/2025\/10\/history5-edited.jpg 367w, https:\/\/hamburgueseria37.com\/wp-content\/uploads\/2025\/10\/history5-edited-300x163.jpg 300w\" sizes=\"auto, (max-width: 367px) 100vw, 367px\" \/><\/figure>\n\n\n\n<figure class=\"wp-block-image size-large\"><img loading=\"lazy\" decoding=\"async\" width=\"367\" height=\"200\" data-id=\"222\" src=\"https:\/\/hamburgueseria37.com\/wp-content\/uploads\/2025\/10\/history6-edited.jpg\" alt=\"\" class=\"wp-image-222\" srcset=\"https:\/\/hamburgueseria37.com\/wp-content\/uploads\/2025\/10\/history6-edited.jpg 367w, https:\/\/hamburgueseria37.com\/wp-content\/uploads\/2025\/10\/history6-edited-300x163.jpg 300w\" sizes=\"auto, (max-width: 367px) 100vw, 367px\" \/><\/figure>\n\n\n\n<figure class=\"wp-block-image size-large\"><img loading=\"lazy\" decoding=\"async\" width=\"275\" height=\"150\" data-id=\"223\" src=\"https:\/\/hamburgueseria37.com\/wp-content\/uploads\/2025\/10\/history-edited.jpg\" alt=\"\" class=\"wp-image-223\"\/><\/figure>\n\n\n\n<figure class=\"wp-block-image size-large\"><img loading=\"lazy\" decoding=\"async\" width=\"367\" height=\"200\" data-id=\"225\" src=\"https:\/\/hamburgueseria37.com\/wp-content\/uploads\/2025\/10\/history2-edited.jpg\" alt=\"\" class=\"wp-image-225\" srcset=\"https:\/\/hamburgueseria37.com\/wp-content\/uploads\/2025\/10\/history2-edited.jpg 367w, https:\/\/hamburgueseria37.com\/wp-content\/uploads\/2025\/10\/history2-edited-300x163.jpg 300w\" sizes=\"auto, (max-width: 367px) 100vw, 367px\" \/><\/figure>\n\n\n\n<figure class=\"wp-block-image size-large\"><img loading=\"lazy\" decoding=\"async\" width=\"367\" height=\"200\" data-id=\"226\" src=\"https:\/\/hamburgueseria37.com\/wp-content\/uploads\/2025\/10\/history7-edited.jpg\" alt=\"\" class=\"wp-image-226\" srcset=\"https:\/\/hamburgueseria37.com\/wp-content\/uploads\/2025\/10\/history7-edited.jpg 367w, https:\/\/hamburgueseria37.com\/wp-content\/uploads\/2025\/10\/history7-edited-300x163.jpg 300w\" sizes=\"auto, (max-width: 367px) 100vw, 367px\" \/><\/figure>\n\n\n\n<figure class=\"wp-block-image size-large\"><img loading=\"lazy\" decoding=\"async\" width=\"367\" height=\"200\" data-id=\"227\" src=\"https:\/\/hamburgueseria37.com\/wp-content\/uploads\/2025\/10\/history8-edited.jpg\" alt=\"\" class=\"wp-image-227\" srcset=\"https:\/\/hamburgueseria37.com\/wp-content\/uploads\/2025\/10\/history8-edited.jpg 367w, https:\/\/hamburgueseria37.com\/wp-content\/uploads\/2025\/10\/history8-edited-300x163.jpg 300w\" sizes=\"auto, (max-width: 367px) 100vw, 367px\" \/><\/figure>\n<\/figure>\n\n\n\n<hr class=\"wp-block-separator has-alpha-channel-opacity\"\/>\n\n\n<div class=\"wp-block-image\">\n<figure class=\"aligncenter size-full is-resized\"><img loading=\"lazy\" decoding=\"async\" width=\"367\" height=\"200\" src=\"https:\/\/hamburgueseria37.com\/wp-content\/uploads\/2025\/10\/history3-edited.jpg\" alt=\"\" class=\"wp-image-228\" style=\"width:455px;height:auto\" srcset=\"https:\/\/hamburgueseria37.com\/wp-content\/uploads\/2025\/10\/history3-edited.jpg 367w, https:\/\/hamburgueseria37.com\/wp-content\/uploads\/2025\/10\/history3-edited-300x163.jpg 300w\" sizes=\"auto, (max-width: 367px) 100vw, 367px\" \/><\/figure>\n<\/div>\n\n\n<hr class=\"wp-block-separator has-alpha-channel-opacity\"\/>\n\n\n\n<p>En el a\u00f1o 1980 ese peque\u00f1o negocio se convirti\u00f3 es un Pub de igual \u00e9xito, hasta el a\u00f1o 1990 que se hizo una reforma, y al tener otro negocio basado es el alquiler de pel\u00edculas decidieron pasar dicho negocio a este local. Tras unos a\u00f1os con el Videoclub decidieron volver a cambiar de negocio, por lo que el 8 de octubre de 1993 inauguraron es ese mismo negocio, una hamburgueser\u00eda que hasta d\u00eda de hoy regentan Antonio y Marien.<\/p>\n\n\n\n<figure class=\"wp-block-gallery has-nested-images columns-default is-cropped wp-block-gallery-2 is-layout-flex wp-block-gallery-is-layout-flex\">\n<figure class=\"wp-block-image size-large\"><img loading=\"lazy\" decoding=\"async\" width=\"550\" height=\"300\" data-id=\"213\" src=\"https:\/\/hamburgueseria37.com\/wp-content\/uploads\/2025\/10\/006.jpg\" alt=\"\" class=\"wp-image-213\" srcset=\"https:\/\/hamburgueseria37.com\/wp-content\/uploads\/2025\/10\/006.jpg 550w, https:\/\/hamburgueseria37.com\/wp-content\/uploads\/2025\/10\/006-300x164.jpg 300w\" sizes=\"auto, (max-width: 550px) 100vw, 550px\" \/><\/figure>\n\n\n\n<figure class=\"wp-block-image size-large\"><img loading=\"lazy\" decoding=\"async\" width=\"550\" height=\"300\" data-id=\"207\" src=\"https:\/\/hamburgueseria37.com\/wp-content\/uploads\/2025\/10\/004.jpg\" alt=\"\" class=\"wp-image-207\" srcset=\"https:\/\/hamburgueseria37.com\/wp-content\/uploads\/2025\/10\/004.jpg 550w, https:\/\/hamburgueseria37.com\/wp-content\/uploads\/2025\/10\/004-300x164.jpg 300w\" sizes=\"auto, (max-width: 550px) 100vw, 550px\" \/><\/figure>\n\n\n\n<figure class=\"wp-block-image size-large\"><img loading=\"lazy\" decoding=\"async\" width=\"550\" height=\"300\" data-id=\"206\" src=\"https:\/\/hamburgueseria37.com\/wp-content\/uploads\/2025\/10\/005.jpg\" alt=\"\" class=\"wp-image-206\" srcset=\"https:\/\/hamburgueseria37.com\/wp-content\/uploads\/2025\/10\/005.jpg 550w, https:\/\/hamburgueseria37.com\/wp-content\/uploads\/2025\/10\/005-300x164.jpg 300w\" sizes=\"auto, (max-width: 550px) 100vw, 550px\" \/><\/figure>\n\n\n\n<figure class=\"wp-block-image size-large\"><img loading=\"lazy\" decoding=\"async\" width=\"550\" height=\"300\" data-id=\"204\" src=\"https:\/\/hamburgueseria37.com\/wp-content\/uploads\/2025\/10\/002.jpg\" alt=\"\" class=\"wp-image-204\" srcset=\"https:\/\/hamburgueseria37.com\/wp-content\/uploads\/2025\/10\/002.jpg 550w, https:\/\/hamburgueseria37.com\/wp-content\/uploads\/2025\/10\/002-300x164.jpg 300w\" sizes=\"auto, (max-width: 550px) 100vw, 550px\" \/><\/figure>\n\n\n\n<figure class=\"wp-block-image size-large\"><img loading=\"lazy\" decoding=\"async\" width=\"550\" height=\"300\" data-id=\"200\" src=\"https:\/\/hamburgueseria37.com\/wp-content\/uploads\/2025\/10\/001.jpg\" alt=\"\" class=\"wp-image-200\" srcset=\"https:\/\/hamburgueseria37.com\/wp-content\/uploads\/2025\/10\/001.jpg 550w, https:\/\/hamburgueseria37.com\/wp-content\/uploads\/2025\/10\/001-300x164.jpg 300w\" sizes=\"auto, (max-width: 550px) 100vw, 550px\" \/><\/figure>\n\n\n\n<figure class=\"wp-block-image size-large\"><img loading=\"lazy\" decoding=\"async\" width=\"367\" height=\"200\" data-id=\"219\" src=\"https:\/\/hamburgueseria37.com\/wp-content\/uploads\/2025\/10\/003-edited.jpg\" alt=\"\" class=\"wp-image-219\" srcset=\"https:\/\/hamburgueseria37.com\/wp-content\/uploads\/2025\/10\/003-edited.jpg 367w, https:\/\/hamburgueseria37.com\/wp-content\/uploads\/2025\/10\/003-edited-300x163.jpg 300w\" sizes=\"auto, (max-width: 367px) 100vw, 367px\" \/><\/figure>\n<\/figure>\n\n\n\n<p><\/p>\n","protected":false},"excerpt":{"rendered":"<p>En 1968 se inici\u00f3 un peque\u00f1o negocio familiar el cual empez\u00f3 siendo una bodega, pasado unos a\u00f1os se convirti\u00f3 es un bar de tapas teniendo un \u00e9xito bastante aceptable. En el a\u00f1o 1980 ese peque\u00f1o negocio se convirti\u00f3 es un Pub de igual \u00e9xito, hasta el a\u00f1o 1990 que se hizo una reforma, y al tener otro negocio basado es el alquiler de pel\u00edculas decidieron pasar dicho negocio a este local. Tras unos a\u00f1os con el Videoclub decidieron volver a cambiar de negocio, por lo que el 8 de octubre de 1993 inauguraron es ese mismo negocio, una hamburgueser\u00eda que hasta d\u00eda de hoy regentan Antonio y Marien.<\/p>\n","protected":false},"author":1,"featured_media":0,"parent":0,"menu_order":0,"comment_status":"closed","ping_status":"closed","template":"","meta":{"footnotes":""},"class_list":["post-2","page","type-page","status-publish","hentry"],"_links":{"self":[{"href":"https:\/\/hamburgueseria37.com\/index.php?rest_route=\/wp\/v2\/pages\/2","targetHints":{"allow":["GET"]}}],"collection":[{"href":"https:\/\/hamburgueseria37.com\/index.php?rest_route=\/wp\/v2\/pages"}],"about":[{"href":"https:\/\/hamburgueseria37.com\/index.php?rest_route=\/wp\/v2\/types\/page"}],"author":[{"embeddable":true,"href":"https:\/\/hamburgueseria37.com\/index.php?rest_route=\/wp\/v2\/users\/1"}],"replies":[{"embeddable":true,"href":"https:\/\/hamburgueseria37.com\/index.php?rest_route=%2Fwp%2Fv2%2Fcomments&post=2"}],"version-history":[{"count":7,"href":"https:\/\/hamburgueseria37.com\/index.php?rest_route=\/wp\/v2\/pages\/2\/revisions"}],"predecessor-version":[{"id":230,"href":"https:\/\/hamburgueseria37.com\/index.php?rest_route=\/wp\/v2\/pages\/2\/revisions\/230"}],"wp:attachment":[{"href":"https:\/\/hamburgueseria37.com\/index.php?rest_route=%2Fwp%2Fv2%2Fmedia&parent=2"}],"curies":[{"name":"wp","href":"https:\/\/api.w.org\/{rel}","templated":true}]}}