{"id":28,"date":"2025-10-27T10:53:01","date_gmt":"2025-10-27T10:53:01","guid":{"rendered":"https:\/\/hamburgueseria37.com\/new\/?page_id=28"},"modified":"2025-11-27T14:07:00","modified_gmt":"2025-11-27T14:07:00","slug":"disfruta-de-nuestras-mejores-elaboraciones","status":"publish","type":"page","link":"https:\/\/hamburgueseria37.com\/","title":{"rendered":""},"content":{"rendered":"\n<h1 class=\"wp-block-heading has-text-align-center\"><\/h1>\n\n\n\n<h2 class=\"wp-block-heading has-text-align-center\"><strong>Disfruta de nuestras mejores elaboraciones<\/strong><\/h2>\n\n\n\n<blockquote class=\"wp-block-quote is-layout-flow wp-block-quote-is-layout-flow\">\n<h5 class=\"wp-block-heading\"><strong>Disponemos de una amplia carta de seleccionadas hamburguesas, bocadillos, aperitivos, montaditos, s\u00e1ndwiches, bebidas y mucho m\u00e1s&#8230;<\/strong><\/h5>\n<\/blockquote>\n\n\n\n<blockquote class=\"wp-block-quote is-layout-flow wp-block-quote-is-layout-flow\">\n<p class=\"has-text-align-center\"><strong><em>\u00abUna experiencia extraordinaria\u00bb<\/em><\/strong><\/p>\n<\/blockquote>\n\n\n\n<div class=\"alignnormal\"><div id=\"metaslider-id-119\" style=\"width: 100%;\" class=\"ml-slider-3-102-0 metaslider metaslider-flex metaslider-119 ml-slider has-dots-nav ms-theme-default-base\" role=\"region\" aria-label=\"Nueva presentaci\u00f3n de diapositivas\" data-height=\"300\" data-width=\"700\">\n    <div id=\"metaslider_container_119\">\n        <div id=\"metaslider_119\">\n            <ul aria-live='off' class='slides'>\n                <li style=\"display: block; width: 100%;\" class=\"slide-236 ms-image \" aria-roledescription=\"slide\" data-date=\"2025-10-31 12:46:56\" data-slide-type=\"image\"><img loading=\"lazy\" decoding=\"async\" src=\"https:\/\/hamburgueseria37.com\/wp-content\/uploads\/2025\/10\/WhatsApp-Image-2025-10-27-at-16.05.11-700x300.jpeg\" height=\"300\" width=\"700\" alt=\"\" class=\"slider-119 slide-236 msDefaultImage\" title=\"TERRAZA 1 HAMBURGUESERIA 27\" \/><\/li>\n                <li style=\"display: none; width: 100%;\" class=\"slide-235 ms-image \" aria-roledescription=\"slide\" data-date=\"2025-10-31 12:46:55\" data-slide-type=\"image\"><img loading=\"lazy\" decoding=\"async\" src=\"https:\/\/hamburgueseria37.com\/wp-content\/uploads\/2025\/10\/WhatsApp-Image-2025-10-27-at-16.05.11-1-700x300.jpeg\" height=\"300\" width=\"700\" alt=\"\" class=\"slider-119 slide-235 msDefaultImage\" title=\"TERRAZA 2 HAMBURGUESERIA 27\" \/><\/li>\n                <li style=\"display: none; width: 100%;\" class=\"slide-160 ms-image \" aria-roledescription=\"slide\" data-date=\"2025-10-28 17:59:40\" data-slide-type=\"image\"><img loading=\"lazy\" decoding=\"async\" src=\"https:\/\/hamburgueseria37.com\/wp-content\/uploads\/2025\/10\/20240429_133042-700x300.jpg\" height=\"300\" width=\"700\" alt=\"\" class=\"slider-119 slide-160 msDefaultImage\" title=\"20240429_133042\" \/><\/li>\n                <li style=\"display: none; width: 100%;\" class=\"slide-157 ms-image \" aria-roledescription=\"slide\" data-date=\"2025-10-28 17:59:40\" data-slide-type=\"image\"><img loading=\"lazy\" decoding=\"async\" src=\"https:\/\/hamburgueseria37.com\/wp-content\/uploads\/2025\/10\/20230904_150905-1-700x300.jpg\" height=\"300\" width=\"700\" alt=\"\" class=\"slider-119 slide-157 msDefaultImage\" title=\"20230904_150905\" \/><\/li>\n                <li style=\"display: none; width: 100%;\" class=\"slide-158 ms-image \" aria-roledescription=\"slide\" data-date=\"2025-10-28 17:59:40\" data-slide-type=\"image\"><img loading=\"lazy\" decoding=\"async\" src=\"https:\/\/hamburgueseria37.com\/wp-content\/uploads\/2025\/10\/20231016_210926-1-700x300.jpg\" height=\"300\" width=\"700\" alt=\"\" class=\"slider-119 slide-158 msDefaultImage\" title=\"20231016_210926\" \/><\/li>\n                <li style=\"display: none; width: 100%;\" class=\"slide-159 ms-image \" aria-roledescription=\"slide\" data-date=\"2025-10-28 17:59:40\" data-slide-type=\"image\"><img loading=\"lazy\" decoding=\"async\" src=\"https:\/\/hamburgueseria37.com\/wp-content\/uploads\/2025\/10\/20231026_210156-1-700x300.jpg\" height=\"300\" width=\"700\" alt=\"\" class=\"slider-119 slide-159 msDefaultImage\" title=\"20231026_210156\" \/><\/li>\n                <li style=\"display: none; width: 100%;\" class=\"slide-161 ms-image \" aria-roledescription=\"slide\" data-date=\"2025-10-28 17:59:40\" data-slide-type=\"image\"><img loading=\"lazy\" decoding=\"async\" src=\"https:\/\/hamburgueseria37.com\/wp-content\/uploads\/2025\/10\/20250103_203757-700x300.jpg\" height=\"300\" width=\"700\" alt=\"\" class=\"slider-119 slide-161 msDefaultImage\" title=\"20250103_203757\" \/><\/li>\n                <li style=\"display: none; width: 100%;\" class=\"slide-162 ms-image \" aria-roledescription=\"slide\" data-date=\"2025-10-28 17:59:40\" data-slide-type=\"image\"><img loading=\"lazy\" decoding=\"async\" src=\"https:\/\/hamburgueseria37.com\/wp-content\/uploads\/2025\/10\/IMG-20221030-WA0006-700x300.jpg\" height=\"300\" width=\"700\" alt=\"\" class=\"slider-119 slide-162 msDefaultImage\" title=\"IMG-20221030-WA0006\" \/><\/li>\n                <li style=\"display: none; width: 100%;\" class=\"slide-163 ms-image \" aria-roledescription=\"slide\" data-date=\"2025-10-28 17:59:40\" data-slide-type=\"image\"><img loading=\"lazy\" decoding=\"async\" src=\"https:\/\/hamburgueseria37.com\/wp-content\/uploads\/2025\/10\/IMG-20221030-WA0025-700x300.jpg\" height=\"300\" width=\"700\" alt=\"\" class=\"slider-119 slide-163 msDefaultImage\" title=\"IMG-20221030-WA0025\" \/><\/li>\n            <\/ul>\n        <\/div>\n        \n    <\/div>\n<\/div><\/div>\n\n\n\n<h2 class=\"wp-block-heading has-text-align-center\"><em><strong>Men\u00fa<\/strong><\/em><\/h2>\n\n\n\n<p class=\"has-text-align-center\">\u2605\u2605\u2605\u2605\u2605<br><a href=\"https:\/\/hamburgueseria37.com\/menu.pdf?=v2\" target=\"_blank\" rel=\"noreferrer noopener\"><ins>Ver Men\u00fa<\/ins><\/a><br><br><a href=\"https:\/\/hamburgueseria37.com\/alergenos.pdf\" data-type=\"link\" data-id=\"https:\/\/hamburgueseria37.com\/alergenos.pdf\">Ver Ficha t\u00e9cnica de platos y Al\u00e9rgenos<\/a><\/p>\n\n\n\n<blockquote class=\"wp-block-quote is-layout-flow wp-block-quote-is-layout-flow\">\n<hr class=\"wp-block-separator has-alpha-channel-opacity\"\/>\n<\/blockquote>\n\n\n\n<figure class=\"wp-block-gallery has-nested-images columns-default is-cropped wp-block-gallery-1 is-layout-flex wp-block-gallery-is-layout-flex\">\n<figure class=\"wp-block-image size-large\"><img loading=\"lazy\" decoding=\"async\" width=\"1024\" height=\"768\" data-id=\"73\" src=\"https:\/\/hamburgueseria37.com\/new\/wp-content\/uploads\/2025\/10\/IMG-20220919-WA0001.jpg\" alt=\"\" class=\"wp-image-73\" srcset=\"https:\/\/hamburgueseria37.com\/wp-content\/uploads\/2025\/10\/IMG-20220919-WA0001.jpg 1024w, https:\/\/hamburgueseria37.com\/wp-content\/uploads\/2025\/10\/IMG-20220919-WA0001-300x225.jpg 300w, https:\/\/hamburgueseria37.com\/wp-content\/uploads\/2025\/10\/IMG-20220919-WA0001-768x576.jpg 768w\" sizes=\"auto, (max-width: 1024px) 100vw, 1024px\" \/><\/figure>\n\n\n\n<figure class=\"wp-block-image size-large\"><img loading=\"lazy\" decoding=\"async\" width=\"1024\" height=\"768\" data-id=\"76\" src=\"https:\/\/hamburgueseria37.com\/new\/wp-content\/uploads\/2025\/10\/IMG-20221030-WA0010-1024x768.jpg\" alt=\"\" class=\"wp-image-76\" srcset=\"https:\/\/hamburgueseria37.com\/wp-content\/uploads\/2025\/10\/IMG-20221030-WA0010-1024x768.jpg 1024w, https:\/\/hamburgueseria37.com\/wp-content\/uploads\/2025\/10\/IMG-20221030-WA0010-300x225.jpg 300w, https:\/\/hamburgueseria37.com\/wp-content\/uploads\/2025\/10\/IMG-20221030-WA0010-768x576.jpg 768w, https:\/\/hamburgueseria37.com\/wp-content\/uploads\/2025\/10\/IMG-20221030-WA0010-1536x1152.jpg 1536w, https:\/\/hamburgueseria37.com\/wp-content\/uploads\/2025\/10\/IMG-20221030-WA0010-1140x855.jpg 1140w, https:\/\/hamburgueseria37.com\/wp-content\/uploads\/2025\/10\/IMG-20221030-WA0010.jpg 1600w\" sizes=\"auto, (max-width: 1024px) 100vw, 1024px\" \/><\/figure>\n\n\n\n<figure class=\"wp-block-image size-large\"><img loading=\"lazy\" decoding=\"async\" width=\"1024\" height=\"768\" data-id=\"74\" src=\"https:\/\/hamburgueseria37.com\/new\/wp-content\/uploads\/2025\/10\/IMG-20221030-WA0031-1024x768.jpg\" alt=\"\" class=\"wp-image-74\" srcset=\"https:\/\/hamburgueseria37.com\/wp-content\/uploads\/2025\/10\/IMG-20221030-WA0031-1024x768.jpg 1024w, https:\/\/hamburgueseria37.com\/wp-content\/uploads\/2025\/10\/IMG-20221030-WA0031-300x225.jpg 300w, https:\/\/hamburgueseria37.com\/wp-content\/uploads\/2025\/10\/IMG-20221030-WA0031-768x576.jpg 768w, https:\/\/hamburgueseria37.com\/wp-content\/uploads\/2025\/10\/IMG-20221030-WA0031-1536x1152.jpg 1536w, https:\/\/hamburgueseria37.com\/wp-content\/uploads\/2025\/10\/IMG-20221030-WA0031-1140x855.jpg 1140w, https:\/\/hamburgueseria37.com\/wp-content\/uploads\/2025\/10\/IMG-20221030-WA0031.jpg 1600w\" sizes=\"auto, (max-width: 1024px) 100vw, 1024px\" \/><\/figure>\n\n\n\n<figure class=\"wp-block-image size-large\"><img loading=\"lazy\" decoding=\"async\" width=\"1024\" height=\"606\" data-id=\"75\" src=\"https:\/\/hamburgueseria37.com\/new\/wp-content\/uploads\/2025\/10\/IMG-20240429-WA0006-1024x606.jpg\" alt=\"\" class=\"wp-image-75\" srcset=\"https:\/\/hamburgueseria37.com\/wp-content\/uploads\/2025\/10\/IMG-20240429-WA0006-1024x606.jpg 1024w, https:\/\/hamburgueseria37.com\/wp-content\/uploads\/2025\/10\/IMG-20240429-WA0006-300x177.jpg 300w, https:\/\/hamburgueseria37.com\/wp-content\/uploads\/2025\/10\/IMG-20240429-WA0006-768x454.jpg 768w, https:\/\/hamburgueseria37.com\/wp-content\/uploads\/2025\/10\/IMG-20240429-WA0006-1536x908.jpg 1536w, https:\/\/hamburgueseria37.com\/wp-content\/uploads\/2025\/10\/IMG-20240429-WA0006-1140x674.jpg 1140w, https:\/\/hamburgueseria37.com\/wp-content\/uploads\/2025\/10\/IMG-20240429-WA0006.jpg 2048w\" sizes=\"auto, (max-width: 1024px) 100vw, 1024px\" \/><\/figure>\n<\/figure>\n","protected":false},"excerpt":{"rendered":"<p>Disfruta de nuestras mejores elaboraciones Disponemos de una amplia carta de seleccionadas hamburguesas, bocadillos, aperitivos, montaditos, s\u00e1ndwiches, bebidas y mucho m\u00e1s&#8230; \u00abUna experiencia extraordinaria\u00bb Men\u00fa \u2605\u2605\u2605\u2605\u2605Ver Men\u00fa Ver Ficha t\u00e9cnica de platos y Al\u00e9rgenos<\/p>\n","protected":false},"author":1,"featured_media":0,"parent":0,"menu_order":0,"comment_status":"closed","ping_status":"closed","template":"","meta":{"footnotes":""},"class_list":["post-28","page","type-page","status-publish","hentry"],"_links":{"self":[{"href":"https:\/\/hamburgueseria37.com\/index.php?rest_route=\/wp\/v2\/pages\/28","targetHints":{"allow":["GET"]}}],"collection":[{"href":"https:\/\/hamburgueseria37.com\/index.php?rest_route=\/wp\/v2\/pages"}],"about":[{"href":"https:\/\/hamburgueseria37.com\/index.php?rest_route=\/wp\/v2\/types\/page"}],"author":[{"embeddable":true,"href":"https:\/\/hamburgueseria37.com\/index.php?rest_route=\/wp\/v2\/users\/1"}],"replies":[{"embeddable":true,"href":"https:\/\/hamburgueseria37.com\/index.php?rest_route=%2Fwp%2Fv2%2Fcomments&post=28"}],"version-history":[{"count":28,"href":"https:\/\/hamburgueseria37.com\/index.php?rest_route=\/wp\/v2\/pages\/28\/revisions"}],"predecessor-version":[{"id":255,"href":"https:\/\/hamburgueseria37.com\/index.php?rest_route=\/wp\/v2\/pages\/28\/revisions\/255"}],"wp:attachment":[{"href":"https:\/\/hamburgueseria37.com\/index.php?rest_route=%2Fwp%2Fv2%2Fmedia&parent=28"}],"curies":[{"name":"wp","href":"https:\/\/api.w.org\/{rel}","templated":true}]}}